{"id":7289,"date":"2025-08-18T13:23:51","date_gmt":"2025-08-18T11:23:51","guid":{"rendered":"https:\/\/na-skaluc.com\/?page_id=7289"},"modified":"2026-01-11T00:28:11","modified_gmt":"2026-01-10T23:28:11","slug":"camping-slovenie-met-zwembad","status":"publish","type":"page","link":"https:\/\/na-skaluc.com\/nl\/camping-slovenie-met-zwembad\/","title":{"rendered":"Camping met zwembad in Sloveni\u00eb"},"content":{"rendered":"<div class=\"wpb-content-wrapper\"><p>[vc_row el_class=&#8221;grizz-usp&#8221; css=&#8221;.vc_custom_1753709932115{margin-right: 0px !important;margin-left: 0px !important;}&#8221;][vc_column width=&#8221;1\/3&#8243; el_class=&#8221;usp&#8221;][vc_column_text el_class=&#8221;usp-text&#8221;]<span class=\"checkmark\">Camping met zwembad<\/span>[\/vc_column_text][\/vc_column][vc_column width=&#8221;1\/2&#8243; el_class=&#8221;usp&#8221;][vc_column_text el_class=&#8221;usp-text&#8221;]<span class=\"checkmark\">Kamperen met eigen badkamer<\/span>[\/vc_column_text][\/vc_column][vc_column width=&#8221;1\/4&#8243; el_class=&#8221;usp&#8221;][vc_column_text el_class=&#8221;usp-text&#8221;]<span class=\"checkmark\">Glamping in bijzondere accommodaties<\/span>[\/vc_column_text][\/vc_column][\/vc_row][vc_row css=&#8221;.vc_custom_1753709953636{margin-right: 0px !important;margin-left: 0px !important;}&#8221;][vc_column][vc_column_text]Onze kleine camping in Sloveni\u00eb met zwembad is d\u00e9 ideale plek voor wie houdt van natuur, gezelligheid \u00e9n verfrissing tijdens warme zomerdagen. Bij Na\u202f\u0160kaluc geniet je van rust en ruimte in een groene, heuvelachtige omgeving. Onze camping ligt midden in het Sloveense landschap, ver weg van massatoerisme, maar met alle comfort die je van een ontspannen vakantie mag verwachten. Terwijl de kinderen zich uitleven in het water of bij de speelvoorzieningen, kom jij volledig tot rust in de zon of onder een boom met uitzicht over de vallei.[\/vc_column_text][\/vc_column][\/vc_row][vc_row css=&#8221;.vc_custom_1753709986059{margin-right: 0px !important;margin-left: 0px !important;}&#8221;][vc_column][vc_column_text el_class=&#8221;grizz-text&#8221;]<\/p>\n<h2>Zwemmen op onze camping met prachtig uitzicht<\/h2>\n<p>Op onze kleine camping met zwembad is voor iedereen wat te halen: van <a href=\"https:\/\/na-skaluc.com\/nl\/kamperen-slovenie\/\">kleinschalig kamperen<\/a> tot glamping in <a href=\"https:\/\/na-skaluc.com\/nl\/accommodaties\/\">unieke accommodaties<\/a>. En dat altijd gecombineerd met speelvoorzieningen, een restaurant en het zwembad. Dat zwembad ligt centraal op het terrein, omgeven door grasweides en bomen, met voldoende ligplekken en een panoramisch uitzicht. Het water is verwarmd door de zon en toegankelijk voor jong en oud. Je hoeft je niet te haasten voor een plekje of je weg te banen tussen drukte: hier geniet je van \u00e9chte rust.[\/vc_column_text][\/vc_column][\/vc_row][vc_row][vc_column el_class=&#8221;grizz-cta&#8221;][vc_column_text]<\/p>\n<h3>Verzeker jezelf van een plek op onze camping<\/h3>\n<p>[\/vc_column_text][vc_btn title=&#8221;BOEKING PLAATSEN&#8221; style=&#8221;classic&#8221; shape=&#8221;round&#8221; color=&#8221;warning&#8221; link=&#8221;url:https%3A%2F%2Fna-skaluc.com%2Fnl%2Fprijzen-boeken%2F|title:Prijzen%20%26%20Boeken&#8221;][\/vc_column][\/vc_row][vc_row css=&#8221;.vc_custom_1753710057745{margin-right: 0px !important;margin-left: 0px !important;}&#8221;][vc_column][vc_column_text el_class=&#8221;grizz-text&#8221;]<\/p>\n<h2>Comfortabel verblijven met ruimte voor iedereen<\/h2>\n<p>Na\u202f\u0160kaluc biedt niet alleen een zwembad, maar ook glampingaccommodaties, ruime kampeerplekken en een rustige ligging. Onze kleine camping met eigen zwembad is perfect voor vakantiegangers die graag tijd doorbrengen in de natuur zonder in te leveren op comfort. Dankzij voorzieningen als <a href=\"https:\/\/na-skaluc.com\/nl\/camping-met-eigen-sanitair\/\">eigen sanitair,<\/a> een restaurant en basketbalveld ben je zeker van een zorgeloos verblijf. Onze ligging en speelvoorzieningen maken ons bovendien tot een bijzonder <a href=\"https:\/\/na-skaluc.com\/nl\/kindvriendelijke-accommodatie-slovenie\/\">kindvriendelijk alternatief<\/a> voor wie met kinderen reist.[\/vc_column_text][\/vc_column][\/vc_row][vc_row css=&#8221;.vc_custom_1753710934638{margin-right: 0px !important;margin-left: 0px !important;}&#8221;][vc_column width=&#8221;1\/3&#8243; el_class=&#8221;images&#8221;][vc_single_image image=&#8221;6992&#8243; img_size=&#8221;full&#8221; style=&#8221;vc_box_rounded&#8221; onclick=&#8221;link_image&#8221;][\/vc_column][vc_column width=&#8221;1\/3&#8243;][vc_single_image image=&#8221;6799&#8243; img_size=&#8221;full&#8221; style=&#8221;vc_box_rounded&#8221; onclick=&#8221;link_image&#8221;][\/vc_column][vc_column width=&#8221;1\/3&#8243;][vc_single_image image=&#8221;6689&#8243; img_size=&#8221;full&#8221; style=&#8221;vc_box_rounded&#8221; onclick=&#8221;link_image&#8221;][\/vc_column][\/vc_row][vc_row css=&#8221;.vc_custom_1753710090606{margin-right: 0px !important;margin-left: 0px !important;}&#8221;][vc_column][vc_column_text el_class=&#8221;grizz-text&#8221;]<\/p>\n<h2>Meer dan alleen zwemmen<\/h2>\n<p>Een verblijf op onze camping is meer dan enkel plonzen in het zwembad. Vanuit onze <a href=\"https:\/\/na-skaluc.com\/nl\/\">natuurcamping<\/a> wandel je zo de heuvels in of stap je op de fiets voor een dagtocht door de omgeving. We bieden volop mogelijkheden voor rustzoekers \u00e9n actieve vakantiegangers. Denk aan een potje jeu-de-boules of voetbal op het terrein, marshmellows roosteren bij de vuurplek of <a href=\"https:\/\/na-skaluc.com\/nl\/activiteiten\/\">activiteiten<\/a> zoals watersporten, klimparcours of uitstapjes in de regio.<\/p>\n<h3>Geniet binnenkort van de prachtige Sloveense natuur<\/h3>\n<p>Heb je zin in een vakantie waar zwemmen, comfort en natuur samenkomen? <a href=\"https:\/\/na-skaluc.com\/nl\/prijzen-boeken\/\">Reserveer je verblijf<\/a> bij ons en ervaar hoe onze kleine, gezellige camping met zwembad rust \u00e9n beleving biedt. Kies je datum, pak je zwemkleding in, en geniet van de natuur.[\/vc_column_text][\/vc_column][\/vc_row][vc_row][vc_column][vc_gmaps link=&#8221;#E-8_JTNDaWZyYW1lJTIwc3JjJTNEJTIyaHR0cHMlM0ElMkYlMkZ3d3cuZ29vZ2xlLmNvbSUyRm1hcHMlMkZlbWJlZCUzRnBiJTNEJTIxMW0xOCUyMTFtMTIlMjExbTMlMjExZDI5OTkuNzM0NjAyMzE0ODgxNiUyMTJkMTUuMzM2NDA1ODA2ODg1NzU3JTIxM2Q0Ni4xMzkzNTU4NDUxMTEzJTIxMm0zJTIxMWYwJTIxMmYwJTIxM2YwJTIxM20yJTIxMWkxMDI0JTIxMmk3NjglMjE0ZjEzLjElMjEzbTMlMjExbTIlMjExczB4NDc2NTc1ZTA3MGJiYjRkYiUyNTNBMHg3YzA0MTE0NzYyNzViYWJjJTIxMnNOYSUyNTIwJTI1QzUlMjVBMGthbHVjJTIxNWUxJTIxM20yJTIxMXNlbiUyMTJzYnklMjE0djE3NTM5NDYxMzU0MzMlMjE1bTIlMjExc2VuJTIxMnNieSUyMiUyMHdpZHRoJTNEJTIyMTAwJTI1JTIyJTIwaGVpZ2h0JTNEJTIyNDUwJTIyJTIwc3R5bGUlM0QlMjJib3JkZXIlM0EwJTNCJTIyJTIwYWxsb3dmdWxsc2NyZWVuJTNEJTIyJTIyJTIwbG9hZGluZyUzRCUyMmxhenklMjIlMjByZWZlcnJlcnBvbGljeSUzRCUyMm5vLXJlZmVycmVyLXdoZW4tZG93bmdyYWRlJTIyJTNFJTNDJTJGaWZyYW1lJTNF&#8221; size=&#8221;&#8221;][\/vc_column][\/vc_row]<\/p>\n<\/div>","protected":false},"excerpt":{"rendered":"<p>[vc_row el_class=&#8221;grizz-usp&#8221; css=&#8221;.vc_custom_1753709932115{margin-right: 0px !important;margin-left: 0px !important;}&#8221;][vc_column width=&#8221;1\/3&#8243; el_class=&#8221;usp&#8221;][vc_column_text el_class=&#8221;usp-text&#8221;]Camping met zwembad[\/vc_column_text][\/vc_column][vc_column width=&#8221;1\/2&#8243; el_class=&#8221;usp&#8221;][vc_column_text el_class=&#8221;usp-text&#8221;]Kamperen met eigen badkamer[\/vc_column_text][\/vc_column][vc_column width=&#8221;1\/4&#8243; el_class=&#8221;usp&#8221;][vc_column_text el_class=&#8221;usp-text&#8221;]Glamping in bijzondere accommodaties[\/vc_column_text][\/vc_column][\/vc_row][vc_row css=&#8221;.vc_custom_1753709953636{margin-right: 0px !important;margin-left: 0px !important;}&#8221;][vc_column][vc_column_text]Onze kleine camping in Sloveni\u00eb met zwembad is d\u00e9 ideale plek voor wie houdt van natuur, gezelligheid \u00e9n verfrissing tijdens warme zomerdagen. Bij Na\u202f\u0160kaluc geniet je van [&hellip;]<\/p>\n","protected":false},"author":2,"featured_media":7267,"parent":0,"menu_order":0,"comment_status":"closed","ping_status":"closed","template":"","meta":{"footnotes":""},"class_list":["post-7289","page","type-page","status-publish","has-post-thumbnail","hentry"],"_links":{"self":[{"href":"https:\/\/na-skaluc.com\/nl\/wp-json\/wp\/v2\/pages\/7289","targetHints":{"allow":["GET"]}}],"collection":[{"href":"https:\/\/na-skaluc.com\/nl\/wp-json\/wp\/v2\/pages"}],"about":[{"href":"https:\/\/na-skaluc.com\/nl\/wp-json\/wp\/v2\/types\/page"}],"author":[{"embeddable":true,"href":"https:\/\/na-skaluc.com\/nl\/wp-json\/wp\/v2\/users\/2"}],"replies":[{"embeddable":true,"href":"https:\/\/na-skaluc.com\/nl\/wp-json\/wp\/v2\/comments?post=7289"}],"version-history":[{"count":12,"href":"https:\/\/na-skaluc.com\/nl\/wp-json\/wp\/v2\/pages\/7289\/revisions"}],"predecessor-version":[{"id":7520,"href":"https:\/\/na-skaluc.com\/nl\/wp-json\/wp\/v2\/pages\/7289\/revisions\/7520"}],"wp:featuredmedia":[{"embeddable":true,"href":"https:\/\/na-skaluc.com\/nl\/wp-json\/wp\/v2\/media\/7267"}],"wp:attachment":[{"href":"https:\/\/na-skaluc.com\/nl\/wp-json\/wp\/v2\/media?parent=7289"}],"curies":[{"name":"wp","href":"https:\/\/api.w.org\/{rel}","templated":true}]}}