{"id":7089,"date":"2018-12-19T15:38:52","date_gmt":"2018-12-19T14:38:52","guid":{"rendered":"https:\/\/na-skaluc.com\/wie-zijn-wij\/"},"modified":"2025-12-19T13:26:45","modified_gmt":"2025-12-19T12:26:45","slug":"wie-zijn-wij","status":"publish","type":"page","link":"https:\/\/na-skaluc.com\/nl\/wie-zijn-wij\/","title":{"rendered":"Wie zijn wij?"},"content":{"rendered":"<p>Na \u0160kaluc is eigendom van Ruud Peeten, de Nederlandse oprichter en eigenaar van reisorganisatie <a href=\"https:\/\/yugotravel.nl\/\" target=\"_blank\" rel=\"noopener\">YUGO Travel<\/a>. Ruud is een echte liefhebber van de Balkan en organiseert met YUGO Travel reizen door de hele regio. Zijn doel is om zijn klanten een prachtige reis te bieden en hen een onvergetelijke Balkanervaring te bezorgen.<\/p>\n<p>Sinds april 2024 is Na \u0160kaluc zijn nieuwste en dierbare uitbreiding. In de heuvels van Zuidoost-Sloveni\u00eb, een authentieke en nog niet zo toeristische regio, heeft hij een landgoed gekocht met vijf verblijven voor families (boomhut, appartementen, hooischuur en een uitkijktoren) en vanaf 2026 ook een natuur kampeerterrein met priv\u00e9 sanitair. Deze plek is de vervulling van een lang gekoesterde droom: een pied-\u00e0-terre in de Balkan. Sloveni\u00eb ligt op het breukvlak tussen Oost en West en verenigt het beste van beide werelden. We hopen je ooit te mogen verwelkomen bovenop de heuvel die Na \u0160kaluc heet. We zullen er alles aan doen om jouw verblijf hier tot het hoogtepunt van je reis te maken.<\/p>\n<h2>Team ter plaatse<\/h2>\n<p>Ruud, zijn vrouw Loes en hun kinderen zijn verliefd geworden op dit prachtige landgoed en de heerlijke regio. Ze brengen er graag zoveel mogelijk tijd door en genieten van de schoolvakanties op het domein. Wanneer zij op het terrein aanwezig zijn, dragen zij vanzelfsprekend hun steentje bij aan de ultieme vakantiebeleving van de gasten. Voor het dagelijks beheer van de accommodaties wordt er elk seizoen gewerkt met een team van betrouwbare en gastvrije medewerkers. Zij verzorgen de check-ins, bereiden maaltijden en drankjes, en zijn jouw eerste aanspreekpunt ter plaatse voor alles wat je nodig hebt.<\/p>\n<h2>Contact<\/h2>\n<p>Je kunt eigenaar Ruud Peeten mailen via <a href=\"mailto:info@na-skaluc.com\" target=\"_blank\" rel=\"noopener\">info@na-skaluc.com<\/a> of bellen op 0031 (0) 6 4230 7660. Ruud spreekt Nederlands, Servo-Kroatisch, Engels, Duits en Frans.<\/p>\n<h2>Volg ons<\/h2>\n<h2><a href=\"https:\/\/www.instagram.com\/na_skaluc\/\" target=\"_blank\" rel=\"noopener\"><img loading=\"lazy\" decoding=\"async\" class=\"wp-image-4742 alignleft\" src=\"http:\/\/naskaluc.localhostwp-content\/uploads\/2024\/03\/Instagram_logo_2022.svg_-300x300.webp\" alt=\"\" width=\"150\" height=\"150\" srcset=\"https:\/\/na-skaluc.com\/wp-content\/uploads\/2024\/03\/Instagram_logo_2022.svg_-300x300.webp 300w, https:\/\/na-skaluc.com\/wp-content\/uploads\/2024\/03\/Instagram_logo_2022.svg_-1024x1024.webp 1024w, https:\/\/na-skaluc.com\/wp-content\/uploads\/2024\/03\/Instagram_logo_2022.svg_-150x150.webp 150w, https:\/\/na-skaluc.com\/wp-content\/uploads\/2024\/03\/Instagram_logo_2022.svg_-768x768.webp 768w, https:\/\/na-skaluc.com\/wp-content\/uploads\/2024\/03\/Instagram_logo_2022.svg_-1536x1536.webp 1536w, https:\/\/na-skaluc.com\/wp-content\/uploads\/2024\/03\/Instagram_logo_2022.svg_-2000x2000.webp 2000w, https:\/\/na-skaluc.com\/wp-content\/uploads\/2024\/03\/Instagram_logo_2022.svg_.webp 2048w\" sizes=\"auto, (max-width: 150px) 100vw, 150px\" \/><\/a>\u00a0 \u00a0 \u00a0 \u00a0 \u00a0 \u00a0 \u00a0 \u00a0 \u00a0 \u00a0 \u00a0 \u00a0 \u00a0 \u00a0 <a href=\"https:\/\/www.facebook.com\/naskaluc\" target=\"_blank\" rel=\"noopener\"><img loading=\"lazy\" decoding=\"async\" class=\"alignnone wp-image-4741\" src=\"http:\/\/naskaluc.localhostwp-content\/uploads\/2024\/03\/facebook-logo-facebook-icon-transparent-free-png-e1711470934515-293x300.webp\" alt=\"\" width=\"162\" height=\"166\" srcset=\"https:\/\/na-skaluc.com\/wp-content\/uploads\/2024\/03\/facebook-logo-facebook-icon-transparent-free-png-e1711470934515-293x300.webp 293w, https:\/\/na-skaluc.com\/wp-content\/uploads\/2024\/03\/facebook-logo-facebook-icon-transparent-free-png-e1711470934515-1001x1024.webp 1001w, https:\/\/na-skaluc.com\/wp-content\/uploads\/2024\/03\/facebook-logo-facebook-icon-transparent-free-png-e1711470934515-768x786.webp 768w, https:\/\/na-skaluc.com\/wp-content\/uploads\/2024\/03\/facebook-logo-facebook-icon-transparent-free-png-e1711470934515.webp 1216w\" sizes=\"auto, (max-width: 162px) 100vw, 162px\" \/><\/a><\/h2>\n<p>BEDRIJFSNAAM \u00a0 \u00a0|\u00a0 Na \u0160kaluc country estate &amp; glamping d.o.o.<\/p>\n<p>ADRES \u00a0 |\u00a0 \u00a0Trobni Dol 33, 3271 \u0160entrupert (SLO)<\/p>\n<p>REGISTRATIENUMMER \u00a0 |\u00a0 9684239000<\/p>\n<p>BTW-NUMMER \u00a0 |\u00a0 SI42568064<\/p>\n","protected":false},"excerpt":{"rendered":"<p>Na \u0160kaluc is eigendom van Ruud Peeten, de Nederlandse oprichter en eigenaar van reisorganisatie YUGO Travel. Ruud is een echte liefhebber van de Balkan en organiseert met YUGO Travel reizen door de hele regio. Zijn doel is om zijn klanten een prachtige reis te bieden en hen een onvergetelijke Balkanervaring te bezorgen. Sinds april 2024 [&hellip;]<\/p>\n","protected":false},"author":1,"featured_media":6682,"parent":0,"menu_order":0,"comment_status":"closed","ping_status":"closed","template":"","meta":{"footnotes":""},"class_list":["post-7089","page","type-page","status-publish","has-post-thumbnail","hentry"],"_links":{"self":[{"href":"https:\/\/na-skaluc.com\/nl\/wp-json\/wp\/v2\/pages\/7089","targetHints":{"allow":["GET"]}}],"collection":[{"href":"https:\/\/na-skaluc.com\/nl\/wp-json\/wp\/v2\/pages"}],"about":[{"href":"https:\/\/na-skaluc.com\/nl\/wp-json\/wp\/v2\/types\/page"}],"author":[{"embeddable":true,"href":"https:\/\/na-skaluc.com\/nl\/wp-json\/wp\/v2\/users\/1"}],"replies":[{"embeddable":true,"href":"https:\/\/na-skaluc.com\/nl\/wp-json\/wp\/v2\/comments?post=7089"}],"version-history":[{"count":4,"href":"https:\/\/na-skaluc.com\/nl\/wp-json\/wp\/v2\/pages\/7089\/revisions"}],"predecessor-version":[{"id":7424,"href":"https:\/\/na-skaluc.com\/nl\/wp-json\/wp\/v2\/pages\/7089\/revisions\/7424"}],"wp:featuredmedia":[{"embeddable":true,"href":"https:\/\/na-skaluc.com\/nl\/wp-json\/wp\/v2\/media\/6682"}],"wp:attachment":[{"href":"https:\/\/na-skaluc.com\/nl\/wp-json\/wp\/v2\/media?parent=7089"}],"curies":[{"name":"wp","href":"https:\/\/api.w.org\/{rel}","templated":true}]}}